{"id":747,"date":"2024-05-16T10:37:31","date_gmt":"2024-05-16T10:37:31","guid":{"rendered":"https:\/\/casachincarini.com.graffitiweb.site\/hotel\/"},"modified":"2024-05-31T07:46:27","modified_gmt":"2024-05-31T07:46:27","slug":"hotel","status":"publish","type":"page","link":"https:\/\/casachincarini.com\/de\/hotel\/","title":{"rendered":"Hotel"},"content":{"rendered":"<div class=\"wpb-content-wrapper\"><p>[vc_row][vc_column][vc_column_text]<strong>Casa Chincarini<\/strong>\u00a0ist ein sehr famili\u00e4r gef\u00fchrtes Haus in einem wundersch\u00f6nen gepflegten Garten mit angrenzendem Olivenhain. Wir befinden uns sowohl in der N\u00e4he des historischen Stadtkerns, als auch in Strandn\u00e4he, &#8211; eine ruhige Oase, in der Sie entspannen k\u00f6nnen. In der vor kurzem sanierten Anlage herrscht eine angenehme und fr\u00f6hliche Atmosph\u00e4re vor.<\/p>\n<p><strong>Zur Verf\u00fcgung f\u00fcr die G\u00e4ste stehen bereit:<br \/>\n<\/strong>ein privater Parkplatz, Garage mit Unterstellm\u00f6glichkeiten f\u00fcr Surfbretter und Fahrr\u00e4der,<br \/>\nsowie eine eingerichtete K\u00fcche.<br \/>\nIn dem gro\u00dfen Garten finden Sie au\u00dferdem einen Spielplatz und ein gro\u00dfes\u00a0beheizbares<br \/>\nSchwimmbad mit Wassermassage[\/vc_column_text][\/vc_column][\/vc_row][vc_row][vc_column][vc_column_text]<style type=\"text\/css\" scoped>.rbs_gallery_69d2d8cf58093Spinner{\r\n\t\t\t\tmargin: 50px auto;\r\n\t\t\t\twidth: 50px;\r\n\t\t\t\theight: 40px;\r\n\t\t\t\ttext-align: center;\r\n\t\t\t\tfont-size: 10px;\r\n\t\t\t}\r\n\t\t\t.rbs_gallery_69d2d8cf58093Spinner > div{\r\n\t\t\t  background-color: #333;\r\n\t\t\t  height: 100%;\r\n\t\t\t  width: 6px;\r\n\t\t\t  display: inline-block;\r\n\t\t\t  -webkit-animation: rbs_gallery_69d2d8cf58093-stretchdelay 1.2s infinite ease-in-out;\r\n\t\t\t  animation: rbs_gallery_69d2d8cf58093-stretchdelay 1.2s infinite ease-in-out;\r\n\t\t\t}\r\n\t\t\t.rbs_gallery_69d2d8cf58093Spinner .rbs_gallery_69d2d8cf58093Rect2 {\r\n\t\t\t  -webkit-animation-delay: -1.1s;\r\n\t\t\t  animation-delay: -1.1s;\r\n\t\t\t}\r\n\t\t\t.rbs_gallery_69d2d8cf58093Spinner .rbs_gallery_69d2d8cf58093Rect3 {\r\n\t\t\t  -webkit-animation-delay: -1.0s;\r\n\t\t\t  animation-delay: -1.0s;\r\n\t\t\t}\r\n\t\t\t.rbs_gallery_69d2d8cf58093Spinner .rbs_gallery_69d2d8cf58093Rect4 {\r\n\t\t\t  -webkit-animation-delay: -0.9s;\r\n\t\t\t  animation-delay: -0.9s;\r\n\t\t\t}\r\n\t\t\t.rbs_gallery_69d2d8cf58093Spinner .rbs_gallery_69d2d8cf58093Rect5 {\r\n\t\t\t  -webkit-animation-delay: -0.8s;\r\n\t\t\t  animation-delay: -0.8s;\r\n\t\t\t}\r\n\t\t\t@-webkit-keyframes rbs_gallery_69d2d8cf58093-stretchdelay {\r\n\t\t\t  0%, 40%, 100% { -webkit-transform: scaleY(0.4) }  \r\n\t\t\t  20% { -webkit-transform: scaleY(1.0) }\r\n\t\t\t}\r\n\t\t\t@keyframes rbs_gallery_69d2d8cf58093-stretchdelay {\r\n\t\t\t  0%, 40%, 100% { \r\n\t\t\t    transform: scaleY(0.4);\r\n\t\t\t    -webkit-transform: scaleY(0.4);\r\n\t\t\t  }  20% { \r\n\t\t\t    transform: scaleY(1.0);\r\n\t\t\t    -webkit-transform: scaleY(1.0);\r\n\t\t\t  }\r\n\t\t\t}\r\n\t\t<\/style><div class=\"robo-gallery-wrap robo-gallery-wrap-id386 robo-gallery-masonry\" ><div id=\"rbs_gallery_69d2d8cf58093-block-loader\" class=\"rbs_gallery_69d2d8cf58093Spinner\"><div class=\"rbs_gallery_69d2d8cf58093Rect1\"><\/div> <div class=\"rbs_gallery_69d2d8cf58093Rect2\"><\/div> <div class=\"rbs_gallery_69d2d8cf58093Rect3\"><\/div> <div class=\"rbs_gallery_69d2d8cf58093Rect4\"><\/div> <div class=\"rbs_gallery_69d2d8cf58093Rect5\"><\/div><\/div><div id=\"robo_gallery_main_block_rbs_gallery_69d2d8cf58093\" class=\"robogallery-gallery-386\" style=\"width:100%;  display: none;\"><div id=\"rbs_gallery_69d2d8cf58093\" data-options=\"rbs_gallery_69d2d8cf58093\" style=\"width:100%;\" class=\"robo_gallery  \"><div class=\"rbs-img  category386 \" ><div class=\"rbs-img-image   rbs-lightbox \" ><div class=\"rbs-img-thumbs\"  data-thumbnail=\"https:\/\/casachincarini.com\/wp-content\/uploads\/2024\/05\/DSC_0025-600x956.jpg\"  title=\"DSC_0025\"  data-width=\"600\"  data-height=\"956\" ><\/div><div class=\"rbs-img-data-popup\"  data-popup=\"https:\/\/casachincarini.com\/wp-content\/uploads\/2024\/05\/DSC_0025.jpg\"  title=\"DSC_0025\" ><\/div><div class=\"thumbnail-overlay\"><div class=\"rbsIcons\"><i class=\"fa fa-plus rbsZoomIcon \" ><\/i><\/div><\/div><\/div><\/div><div class=\"rbs-img  category386 \" ><div class=\"rbs-img-image   rbs-lightbox \" ><div class=\"rbs-img-thumbs\"  data-thumbnail=\"https:\/\/casachincarini.com\/wp-content\/uploads\/2024\/05\/DSC_0024-1024x680.jpg\"  title=\"DSC_0024\"  data-width=\"1024\"  data-height=\"680\" ><\/div><div class=\"rbs-img-data-popup\"  data-popup=\"https:\/\/casachincarini.com\/wp-content\/uploads\/2024\/05\/DSC_0024.jpg\"  title=\"DSC_0024\" ><\/div><div class=\"thumbnail-overlay\"><div class=\"rbsIcons\"><i class=\"fa fa-plus rbsZoomIcon \" ><\/i><\/div><\/div><\/div><\/div><div class=\"rbs-img  category386 \" ><div class=\"rbs-img-image   rbs-lightbox \" ><div class=\"rbs-img-thumbs\"  data-thumbnail=\"https:\/\/casachincarini.com\/wp-content\/uploads\/2024\/05\/IMG_8181-original-600x1024.jpg\"  title=\"IMG_8181-original\"  data-width=\"600\"  data-height=\"1024\" ><\/div><div class=\"rbs-img-data-popup\"  data-popup=\"https:\/\/casachincarini.com\/wp-content\/uploads\/2024\/05\/IMG_8181-original.jpg\"  title=\"IMG_8181-original\" ><\/div><div class=\"thumbnail-overlay\"><div class=\"rbsIcons\"><i class=\"fa fa-plus rbsZoomIcon \" ><\/i><\/div><\/div><\/div><\/div><div class=\"rbs-img  category386 \" ><div class=\"rbs-img-image   rbs-lightbox \" ><div class=\"rbs-img-thumbs\"  data-thumbnail=\"https:\/\/casachincarini.com\/wp-content\/uploads\/2024\/05\/AA020328_1440.jpg\"  title=\"AA020328_1440\"  data-width=\"1440\"  data-height=\"960\" ><\/div><div class=\"rbs-img-data-popup\"  data-popup=\"https:\/\/casachincarini.com\/wp-content\/uploads\/2024\/05\/AA020328_1440.jpg\"  title=\"AA020328_1440\" ><\/div><div class=\"thumbnail-overlay\"><div class=\"rbsIcons\"><i class=\"fa fa-plus rbsZoomIcon \" ><\/i><\/div><\/div><\/div><\/div><div class=\"rbs-img  category386 \" ><div class=\"rbs-img-image   rbs-lightbox \" ><div class=\"rbs-img-thumbs\"  data-thumbnail=\"https:\/\/casachincarini.com\/wp-content\/uploads\/2024\/05\/Pool-600x959.jpg\"  title=\"Pool\"  data-width=\"600\"  data-height=\"959\" ><\/div><div class=\"rbs-img-data-popup\"  data-popup=\"https:\/\/casachincarini.com\/wp-content\/uploads\/2024\/05\/Pool.jpg\"  title=\"Pool\" ><\/div><div class=\"thumbnail-overlay\"><div class=\"rbsIcons\"><i class=\"fa fa-plus rbsZoomIcon \" ><\/i><\/div><\/div><\/div><\/div><div class=\"rbs-img  category386 \" ><div class=\"rbs-img-image   rbs-lightbox \" ><div class=\"rbs-img-thumbs\"  data-thumbnail=\"https:\/\/casachincarini.com\/wp-content\/uploads\/2024\/05\/DSC_0047-600x956.jpg\"  title=\"DSC_0047\"  data-width=\"600\"  data-height=\"956\" ><\/div><div class=\"rbs-img-data-popup\"  data-popup=\"https:\/\/casachincarini.com\/wp-content\/uploads\/2024\/05\/DSC_0047.jpg\"  title=\"DSC_0047\" ><\/div><div class=\"thumbnail-overlay\"><div class=\"rbsIcons\"><i class=\"fa fa-plus rbsZoomIcon \" ><\/i><\/div><\/div><\/div><\/div><div class=\"rbs-img  category386 \" ><div class=\"rbs-img-image   rbs-lightbox \" ><div class=\"rbs-img-thumbs\"  data-thumbnail=\"https:\/\/casachincarini.com\/wp-content\/uploads\/2024\/06\/IMG_8298-1-1024x768.jpg\"  title=\"IMG_8298\"  data-width=\"1024\"  data-height=\"768\" ><\/div><div class=\"rbs-img-data-popup\"  data-popup=\"https:\/\/casachincarini.com\/wp-content\/uploads\/2024\/06\/IMG_8298-1.jpg\"  title=\"IMG_8298\" ><\/div><div class=\"thumbnail-overlay\"><div class=\"rbsIcons\"><i class=\"fa fa-plus rbsZoomIcon \" ><\/i><\/div><\/div><\/div><\/div><div class=\"rbs-img  category386 \" ><div class=\"rbs-img-image   rbs-lightbox \" ><div class=\"rbs-img-thumbs\"  data-thumbnail=\"https:\/\/casachincarini.com\/wp-content\/uploads\/2024\/05\/1-Fronte-4-600x1024.jpg\"  title=\"1 - Fronte 4\"  data-width=\"600\"  data-height=\"1024\" ><\/div><div class=\"rbs-img-data-popup\"  data-popup=\"https:\/\/casachincarini.com\/wp-content\/uploads\/2024\/05\/1-Fronte-4.jpg\"  title=\"1 - Fronte 4\" ><\/div><div class=\"thumbnail-overlay\"><div class=\"rbsIcons\"><i class=\"fa fa-plus rbsZoomIcon \" ><\/i><\/div><\/div><\/div><\/div><div class=\"rbs-img  category386 \" ><div class=\"rbs-img-image   rbs-lightbox \" ><div class=\"rbs-img-thumbs\"  data-thumbnail=\"https:\/\/casachincarini.com\/wp-content\/uploads\/2024\/05\/15-Lato-nord-600x1024.jpg\"  title=\"15 - Lato nord\"  data-width=\"600\"  data-height=\"1024\" ><\/div><div class=\"rbs-img-data-popup\"  data-popup=\"https:\/\/casachincarini.com\/wp-content\/uploads\/2024\/05\/15-Lato-nord.jpg\"  title=\"15 - Lato nord\" ><\/div><div class=\"thumbnail-overlay\"><div class=\"rbsIcons\"><i class=\"fa fa-plus rbsZoomIcon \" ><\/i><\/div><\/div><\/div><\/div><div class=\"rbs-img  category386 \" ><div class=\"rbs-img-image   rbs-lightbox \" ><div class=\"rbs-img-thumbs\"  data-thumbnail=\"https:\/\/casachincarini.com\/wp-content\/uploads\/2024\/05\/IMG_8302-original-600x1024.jpg\"  title=\"IMG_8302-original\"  data-width=\"600\"  data-height=\"1024\" ><\/div><div class=\"rbs-img-data-popup\"  data-popup=\"https:\/\/casachincarini.com\/wp-content\/uploads\/2024\/05\/IMG_8302-original.jpg\"  title=\"IMG_8302-original\" ><\/div><div class=\"thumbnail-overlay\"><div class=\"rbsIcons\"><i class=\"fa fa-plus rbsZoomIcon \" ><\/i><\/div><\/div><\/div><\/div><div class=\"rbs-img  category386 \" ><div class=\"rbs-img-image   rbs-lightbox \" ><div class=\"rbs-img-thumbs\"  data-thumbnail=\"https:\/\/casachincarini.com\/wp-content\/uploads\/2024\/05\/IMG_8189-original-1024x768.jpg\"  title=\"IMG_8189-original\"  data-width=\"1024\"  data-height=\"768\" ><\/div><div class=\"rbs-img-data-popup\"  data-popup=\"https:\/\/casachincarini.com\/wp-content\/uploads\/2024\/05\/IMG_8189-original.jpg\"  title=\"IMG_8189-original\" ><\/div><div class=\"thumbnail-overlay\"><div class=\"rbsIcons\"><i class=\"fa fa-plus rbsZoomIcon \" ><\/i><\/div><\/div><\/div><\/div><div class=\"rbs-img  category386 \" ><div class=\"rbs-img-image   rbs-lightbox \" ><div class=\"rbs-img-thumbs\"  data-thumbnail=\"https:\/\/casachincarini.com\/wp-content\/uploads\/2024\/05\/DSC_0010-600x956.jpg\"  title=\"DSC_0010\"  data-width=\"600\"  data-height=\"956\" ><\/div><div class=\"rbs-img-data-popup\"  data-popup=\"https:\/\/casachincarini.com\/wp-content\/uploads\/2024\/05\/DSC_0010.jpg\"  title=\"DSC_0010\" ><\/div><div class=\"thumbnail-overlay\"><div class=\"rbsIcons\"><i class=\"fa fa-plus rbsZoomIcon \" ><\/i><\/div><\/div><\/div><\/div><div class=\"rbs-img  category386 \" ><div class=\"rbs-img-image   rbs-lightbox \" ><div class=\"rbs-img-thumbs\"  data-thumbnail=\"https:\/\/casachincarini.com\/wp-content\/uploads\/2024\/05\/IMG_8248-original-600x1024.jpg\"  title=\"IMG_8248-original\"  data-width=\"600\"  data-height=\"1024\" ><\/div><div class=\"rbs-img-data-popup\"  data-popup=\"https:\/\/casachincarini.com\/wp-content\/uploads\/2024\/05\/IMG_8248-original.jpg\"  title=\"IMG_8248-original\" ><\/div><div class=\"thumbnail-overlay\"><div class=\"rbsIcons\"><i class=\"fa fa-plus rbsZoomIcon \" ><\/i><\/div><\/div><\/div><\/div><div class=\"rbs-img  category386 \" ><div class=\"rbs-img-image   rbs-lightbox \" ><div class=\"rbs-img-thumbs\"  data-thumbnail=\"https:\/\/casachincarini.com\/wp-content\/uploads\/2024\/05\/gazebo2-original-600x1024.jpg\"  title=\"gazebo2-original\"  data-width=\"600\"  data-height=\"1024\" ><\/div><div class=\"rbs-img-data-popup\"  data-popup=\"https:\/\/casachincarini.com\/wp-content\/uploads\/2024\/05\/gazebo2-original.jpg\"  title=\"gazebo2-original\" ><\/div><div class=\"thumbnail-overlay\"><div class=\"rbsIcons\"><i class=\"fa fa-plus rbsZoomIcon \" ><\/i><\/div><\/div><\/div><\/div><div class=\"rbs-img  category386 \" ><div class=\"rbs-img-image   rbs-lightbox \" ><div class=\"rbs-img-thumbs\"  data-thumbnail=\"https:\/\/casachincarini.com\/wp-content\/uploads\/2024\/05\/panorama-203.jpg\"  title=\"panorama 203\"  data-width=\"2000\"  data-height=\"1125\" ><\/div><div class=\"rbs-img-data-popup\"  data-popup=\"https:\/\/casachincarini.com\/wp-content\/uploads\/2024\/05\/panorama-203.jpg\"  title=\"panorama 203\" ><\/div><div class=\"thumbnail-overlay\"><div class=\"rbsIcons\"><i class=\"fa fa-plus rbsZoomIcon \" ><\/i><\/div><\/div><\/div><\/div><div class=\"rbs-img  category386 \" ><div class=\"rbs-img-image   rbs-lightbox \" ><div class=\"rbs-img-thumbs\"  data-thumbnail=\"https:\/\/casachincarini.com\/wp-content\/uploads\/2024\/06\/unnamed.jpg\"  title=\"unnamed\"  data-width=\"512\"  data-height=\"342\" ><\/div><div class=\"rbs-img-data-popup\"  data-popup=\"https:\/\/casachincarini.com\/wp-content\/uploads\/2024\/06\/unnamed.jpg\"  title=\"unnamed\" ><\/div><div class=\"thumbnail-overlay\"><div class=\"rbsIcons\"><i class=\"fa fa-plus rbsZoomIcon \" ><\/i><\/div><\/div><\/div><\/div><div class=\"rbs-img  category386 \" ><div class=\"rbs-img-image   rbs-lightbox \" ><div class=\"rbs-img-thumbs\"  data-thumbnail=\"https:\/\/casachincarini.com\/wp-content\/uploads\/2024\/05\/210-2-1024x768.jpg\"  title=\"210 2\"  data-width=\"1024\"  data-height=\"768\" ><\/div><div class=\"rbs-img-data-popup\"  data-popup=\"https:\/\/casachincarini.com\/wp-content\/uploads\/2024\/05\/210-2.jpg\"  title=\"210 2\" ><\/div><div class=\"thumbnail-overlay\"><div class=\"rbsIcons\"><i class=\"fa fa-plus rbsZoomIcon \" ><\/i><\/div><\/div><\/div><\/div><div class=\"rbs-img  category386 \" ><div class=\"rbs-img-image   rbs-lightbox \" ><div class=\"rbs-img-thumbs\"  data-thumbnail=\"https:\/\/casachincarini.com\/wp-content\/uploads\/2024\/05\/IMG_8151-original-600x1024.jpg\"  title=\"IMG_8151-original\"  data-width=\"600\"  data-height=\"1024\" ><\/div><div class=\"rbs-img-data-popup\"  data-popup=\"https:\/\/casachincarini.com\/wp-content\/uploads\/2024\/05\/IMG_8151-original.jpg\"  title=\"IMG_8151-original\" ><\/div><div class=\"thumbnail-overlay\"><div class=\"rbsIcons\"><i class=\"fa fa-plus rbsZoomIcon \" ><\/i><\/div><\/div><\/div><\/div><div class=\"rbs-img  category386 \" ><div class=\"rbs-img-image   rbs-lightbox \" ><div class=\"rbs-img-thumbs\"  data-thumbnail=\"https:\/\/casachincarini.com\/wp-content\/uploads\/2024\/05\/colazioni-4-original-600x1024.jpg\"  title=\"colazioni 4-original\"  data-width=\"600\"  data-height=\"1024\" ><\/div><div class=\"rbs-img-data-popup\"  data-popup=\"https:\/\/casachincarini.com\/wp-content\/uploads\/2024\/05\/colazioni-4-original.jpg\"  title=\"colazioni 4-original\" ><\/div><div class=\"thumbnail-overlay\"><div class=\"rbsIcons\"><i class=\"fa fa-plus rbsZoomIcon \" ><\/i><\/div><\/div><\/div><\/div><div class=\"rbs-img  category386 \" ><div class=\"rbs-img-image   rbs-lightbox \" ><div class=\"rbs-img-thumbs\"  data-thumbnail=\"https:\/\/casachincarini.com\/wp-content\/uploads\/2024\/05\/IMG_8160-original-600x1024.jpg\"  title=\"IMG_8160-original\"  data-width=\"600\"  data-height=\"1024\" ><\/div><div class=\"rbs-img-data-popup\"  data-popup=\"https:\/\/casachincarini.com\/wp-content\/uploads\/2024\/05\/IMG_8160-original.jpg\"  title=\"IMG_8160-original\" ><\/div><div class=\"thumbnail-overlay\"><div class=\"rbsIcons\"><i class=\"fa fa-plus rbsZoomIcon \" ><\/i><\/div><\/div><\/div><\/div><div class=\"rbs-img  category386 \" ><div class=\"rbs-img-image   rbs-lightbox \" ><div class=\"rbs-img-thumbs\"  data-thumbnail=\"https:\/\/casachincarini.com\/wp-content\/uploads\/2024\/05\/IMG_8144-original-1024x768.jpg\"  title=\"IMG_8144-original\"  data-width=\"1024\"  data-height=\"768\" ><\/div><div class=\"rbs-img-data-popup\"  data-popup=\"https:\/\/casachincarini.com\/wp-content\/uploads\/2024\/05\/IMG_8144-original.jpg\"  title=\"IMG_8144-original\" ><\/div><div class=\"thumbnail-overlay\"><div class=\"rbsIcons\"><i class=\"fa fa-plus rbsZoomIcon \" ><\/i><\/div><\/div><\/div><\/div><div class=\"rbs-img  category386 \" ><div class=\"rbs-img-image   rbs-lightbox \" ><div class=\"rbs-img-thumbs\"  data-thumbnail=\"https:\/\/casachincarini.com\/wp-content\/uploads\/2024\/05\/IMG_8148-original-600x1024.jpg\"  title=\"IMG_8148-original\"  data-width=\"600\"  data-height=\"1024\" ><\/div><div class=\"rbs-img-data-popup\"  data-popup=\"https:\/\/casachincarini.com\/wp-content\/uploads\/2024\/05\/IMG_8148-original.jpg\"  title=\"IMG_8148-original\" ><\/div><div class=\"thumbnail-overlay\"><div class=\"rbsIcons\"><i class=\"fa fa-plus rbsZoomIcon \" ><\/i><\/div><\/div><\/div><\/div><div class=\"rbs-img  category386 \" ><div class=\"rbs-img-image   rbs-lightbox \" ><div class=\"rbs-img-thumbs\"  data-thumbnail=\"https:\/\/casachincarini.com\/wp-content\/uploads\/2024\/06\/colonnina3-600x1024.jpg\"  title=\"colonnina3\"  data-width=\"600\"  data-height=\"1024\" ><\/div><div class=\"rbs-img-data-popup\"  data-popup=\"https:\/\/casachincarini.com\/wp-content\/uploads\/2024\/06\/colonnina3.jpg\"  title=\"colonnina3\" ><\/div><div class=\"thumbnail-overlay\"><div class=\"rbsIcons\"><i class=\"fa fa-plus rbsZoomIcon \" ><\/i><\/div><\/div><\/div><\/div><\/div><\/div><\/div><script>var rbs_gallery_69d2d8cf58093 = {\"version\":\"5.1.4\",\"id\":386,\"class\":\"id386\",\"roboGalleryDelay\":1000,\"mainContainer\":\"#robo_gallery_main_block_rbs_gallery_69d2d8cf58093\",\"loadingContainer\":\"#rbs_gallery_69d2d8cf58093-block-loader\",\"loadingContainerObj\":\"rbs_gallery_69d2d8cf58093-block-loader\",\"columnWidth\":\"auto\",\"columns\":4,\"resolutions\":[{\"columnWidth\":\"auto\",\"columns\":3,\"maxWidth\":960},{\"columnWidth\":\"auto\",\"columns\":2,\"maxWidth\":650},{\"columnWidth\":\"auto\",\"columns\":1,\"maxWidth\":450}],\"hideTitle\":true,\"lightboxOptions\":{\"gallery\":{\"enabled\":true,\"tCounter\":\"%curr% of %total%\"}},\"overlayEffect\":\"direction-aware-fade\",\"boxesToLoadStart\":50,\"boxesToLoad\":50,\"waitUntilThumbLoads\":1,\"LoadingWord\":\"Loading...\",\"loadMoreWord\":\"Load More\",\"noMoreEntriesWord\":\"No More Entries\",\"horizontalSpaceBetweenBoxes\":15,\"verticalSpaceBetweenBoxes\":15,\"lazyLoad\":1,\"noHoverOnMobile\":\"false\",\"wrapContainer\":\"#robo-gallery-wrap-rbs_gallery_69d2d8cf58093\"};<\/script>[\/vc_column_text][\/vc_column][\/vc_row]<\/p>\n<\/div>","protected":false},"excerpt":{"rendered":"<p>[vc_row][vc_column][vc_column_text]Casa Chincarini\u00a0ist ein sehr famili\u00e4r gef\u00fchrtes Haus in einem wundersch\u00f6nen gepflegten Garten mit angrenzendem Olivenhain. Wir befinden uns sowohl in der N\u00e4he des historischen Stadtkerns, als auch in Strandn\u00e4he, &#8211; eine ruhige Oase, in der Sie entspannen k\u00f6nnen. In der vor kurzem sanierten Anlage herrscht eine angenehme und fr\u00f6hliche Atmosph\u00e4re vor. Zur Verf\u00fcgung f\u00fcr die<\/p>\n<a href=\"https:\/\/casachincarini.com\/de\/hotel\/\" class=\"sohohotel-more-link\">Weiterlesen<\/a>","protected":false},"author":1,"featured_media":0,"parent":0,"menu_order":0,"comment_status":"closed","ping_status":"closed","template":"","meta":{"footnotes":""},"class_list":["post-747","page","type-page","status-publish","hentry"],"yoast_head":"<!-- This site is optimized with the Yoast SEO plugin v26.8 - https:\/\/yoast.com\/product\/yoast-seo-wordpress\/ -->\n<title>Hotel - hotel Casa Chincarini<\/title>\n<meta name=\"robots\" content=\"index, follow, max-snippet:-1, max-image-preview:large, max-video-preview:-1\" \/>\n<link rel=\"canonical\" href=\"https:\/\/casachincarini.com\/de\/hotel\/\" \/>\n<meta property=\"og:locale\" content=\"de_DE\" \/>\n<meta property=\"og:type\" content=\"article\" \/>\n<meta property=\"og:title\" content=\"Hotel - hotel Casa Chincarini\" \/>\n<meta property=\"og:description\" content=\"[vc_row][vc_column][vc_column_text]Casa Chincarini\u00a0ist ein sehr famili\u00e4r gef\u00fchrtes Haus in einem wundersch\u00f6nen gepflegten Garten mit angrenzendem Olivenhain. Wir befinden uns sowohl in der N\u00e4he des historischen Stadtkerns, als auch in Strandn\u00e4he, &#8211; eine ruhige Oase, in der Sie entspannen k\u00f6nnen. In der vor kurzem sanierten Anlage herrscht eine angenehme und fr\u00f6hliche Atmosph\u00e4re vor. Zur Verf\u00fcgung f\u00fcr die\" \/>\n<meta property=\"og:url\" content=\"https:\/\/casachincarini.com\/de\/hotel\/\" \/>\n<meta property=\"og:site_name\" content=\"hotel Casa Chincarini\" \/>\n<meta property=\"article:modified_time\" content=\"2024-05-31T07:46:27+00:00\" \/>\n<meta name=\"twitter:card\" content=\"summary_large_image\" \/>\n<meta name=\"twitter:label1\" content=\"Gesch\u00e4tzte Lesezeit\" \/>\n\t<meta name=\"twitter:data1\" content=\"1\u00a0Minute\" \/>\n<script type=\"application\/ld+json\" class=\"yoast-schema-graph\">{\"@context\":\"https:\/\/schema.org\",\"@graph\":[{\"@type\":\"WebPage\",\"@id\":\"https:\/\/casachincarini.com\/de\/hotel\/\",\"url\":\"https:\/\/casachincarini.com\/de\/hotel\/\",\"name\":\"Hotel - hotel Casa Chincarini\",\"isPartOf\":{\"@id\":\"https:\/\/casachincarini.com\/#website\"},\"datePublished\":\"2024-05-16T10:37:31+00:00\",\"dateModified\":\"2024-05-31T07:46:27+00:00\",\"breadcrumb\":{\"@id\":\"https:\/\/casachincarini.com\/de\/hotel\/#breadcrumb\"},\"inLanguage\":\"de\",\"potentialAction\":[{\"@type\":\"ReadAction\",\"target\":[\"https:\/\/casachincarini.com\/de\/hotel\/\"]}]},{\"@type\":\"BreadcrumbList\",\"@id\":\"https:\/\/casachincarini.com\/de\/hotel\/#breadcrumb\",\"itemListElement\":[{\"@type\":\"ListItem\",\"position\":1,\"name\":\"Home\",\"item\":\"https:\/\/casachincarini.com\/de\/\"},{\"@type\":\"ListItem\",\"position\":2,\"name\":\"Hotel\"}]},{\"@type\":\"WebSite\",\"@id\":\"https:\/\/casachincarini.com\/#website\",\"url\":\"https:\/\/casachincarini.com\/\",\"name\":\"hotel Casa Chincarini\",\"description\":\"un garn\u00ec a conduzione familiare, un&#039;oasi di tranquillit\u00e0 e di relax.\",\"potentialAction\":[{\"@type\":\"SearchAction\",\"target\":{\"@type\":\"EntryPoint\",\"urlTemplate\":\"https:\/\/casachincarini.com\/?s={search_term_string}\"},\"query-input\":{\"@type\":\"PropertyValueSpecification\",\"valueRequired\":true,\"valueName\":\"search_term_string\"}}],\"inLanguage\":\"de\"}]}<\/script>\n<!-- \/ Yoast SEO plugin. -->","yoast_head_json":{"title":"Hotel - hotel Casa Chincarini","robots":{"index":"index","follow":"follow","max-snippet":"max-snippet:-1","max-image-preview":"max-image-preview:large","max-video-preview":"max-video-preview:-1"},"canonical":"https:\/\/casachincarini.com\/de\/hotel\/","og_locale":"de_DE","og_type":"article","og_title":"Hotel - hotel Casa Chincarini","og_description":"[vc_row][vc_column][vc_column_text]Casa Chincarini\u00a0ist ein sehr famili\u00e4r gef\u00fchrtes Haus in einem wundersch\u00f6nen gepflegten Garten mit angrenzendem Olivenhain. Wir befinden uns sowohl in der N\u00e4he des historischen Stadtkerns, als auch in Strandn\u00e4he, &#8211; eine ruhige Oase, in der Sie entspannen k\u00f6nnen. In der vor kurzem sanierten Anlage herrscht eine angenehme und fr\u00f6hliche Atmosph\u00e4re vor. Zur Verf\u00fcgung f\u00fcr die","og_url":"https:\/\/casachincarini.com\/de\/hotel\/","og_site_name":"hotel Casa Chincarini","article_modified_time":"2024-05-31T07:46:27+00:00","twitter_card":"summary_large_image","twitter_misc":{"Gesch\u00e4tzte Lesezeit":"1\u00a0Minute"},"schema":{"@context":"https:\/\/schema.org","@graph":[{"@type":"WebPage","@id":"https:\/\/casachincarini.com\/de\/hotel\/","url":"https:\/\/casachincarini.com\/de\/hotel\/","name":"Hotel - hotel Casa Chincarini","isPartOf":{"@id":"https:\/\/casachincarini.com\/#website"},"datePublished":"2024-05-16T10:37:31+00:00","dateModified":"2024-05-31T07:46:27+00:00","breadcrumb":{"@id":"https:\/\/casachincarini.com\/de\/hotel\/#breadcrumb"},"inLanguage":"de","potentialAction":[{"@type":"ReadAction","target":["https:\/\/casachincarini.com\/de\/hotel\/"]}]},{"@type":"BreadcrumbList","@id":"https:\/\/casachincarini.com\/de\/hotel\/#breadcrumb","itemListElement":[{"@type":"ListItem","position":1,"name":"Home","item":"https:\/\/casachincarini.com\/de\/"},{"@type":"ListItem","position":2,"name":"Hotel"}]},{"@type":"WebSite","@id":"https:\/\/casachincarini.com\/#website","url":"https:\/\/casachincarini.com\/","name":"hotel Casa Chincarini","description":"un garn\u00ec a conduzione familiare, un&#039;oasi di tranquillit\u00e0 e di relax.","potentialAction":[{"@type":"SearchAction","target":{"@type":"EntryPoint","urlTemplate":"https:\/\/casachincarini.com\/?s={search_term_string}"},"query-input":{"@type":"PropertyValueSpecification","valueRequired":true,"valueName":"search_term_string"}}],"inLanguage":"de"}]}},"_links":{"self":[{"href":"https:\/\/casachincarini.com\/de\/wp-json\/wp\/v2\/pages\/747","targetHints":{"allow":["GET"]}}],"collection":[{"href":"https:\/\/casachincarini.com\/de\/wp-json\/wp\/v2\/pages"}],"about":[{"href":"https:\/\/casachincarini.com\/de\/wp-json\/wp\/v2\/types\/page"}],"author":[{"embeddable":true,"href":"https:\/\/casachincarini.com\/de\/wp-json\/wp\/v2\/users\/1"}],"replies":[{"embeddable":true,"href":"https:\/\/casachincarini.com\/de\/wp-json\/wp\/v2\/comments?post=747"}],"version-history":[{"count":2,"href":"https:\/\/casachincarini.com\/de\/wp-json\/wp\/v2\/pages\/747\/revisions"}],"predecessor-version":[{"id":829,"href":"https:\/\/casachincarini.com\/de\/wp-json\/wp\/v2\/pages\/747\/revisions\/829"}],"wp:attachment":[{"href":"https:\/\/casachincarini.com\/de\/wp-json\/wp\/v2\/media?parent=747"}],"curies":[{"name":"wp","href":"https:\/\/api.w.org\/{rel}","templated":true}]}}