{"id":751,"date":"2024-05-15T09:20:17","date_gmt":"2024-05-15T09:20:17","guid":{"rendered":"https:\/\/casachincarini.com.graffitiweb.site\/prezzi\/"},"modified":"2025-12-05T15:27:54","modified_gmt":"2025-12-05T15:27:54","slug":"prezzi","status":"publish","type":"page","link":"https:\/\/casachincarini.com\/de\/prezzi\/","title":{"rendered":"Preise"},"content":{"rendered":"<div class=\"wpb-content-wrapper\"><p>[vc_row el_class=&#8220;shb-accommodation-single-1-wrapper&#8220; css=&#8220;.vc_custom_1627561638914{margin-top: 40px !important;margin-right: 0px !important;margin-bottom: 0px !important;margin-left: 0px !important;border-top-width: 0px !important;border-right-width: 0px !important;border-bottom-width: 0px !important;border-left-width: 0px !important;padding-top: 0px !important;padding-right: 0px !important;padding-bottom: 0px !important;padding-left: 0px !important;}&#8220;][vc_column css=&#8220;.vc_custom_1627561647148{margin-top: 0px !important;margin-right: 0px !important;margin-bottom: 0px !important;margin-left: 0px !important;border-top-width: 0px !important;border-right-width: 0px !important;border-bottom-width: 0px !important;border-left-width: 0px !important;padding-top: 0px !important;padding-right: 0px !important;padding-bottom: 0px !important;padding-left: 0px !important;}&#8220;][vc_toggle title=&#8220;Zuschl\u00e4ge&#8220;]<\/p>\n<ul>\n<li class=\"p1\">\u00a0Fr\u00fchst\u00fcck extra \/ Person:\u00a0<b>\u20ac 12,00<\/b><\/li>\n<li class=\"p1\">+ 15 % f\u00fcr Aufenthalte von 1 bis 2 N\u00e4chte<\/li>\n<li class=\"p1\">+ 5,00 Euro\/ Tag Kinderbett<\/li>\n<li class=\"p1\">+ 5,00 Euro\/ Tag f\u00fcr kleine Haustiere (bis 10 kg)<\/li>\n<li class=\"p1\">+ 3.00 Euro\/ Tag Klimaanlage<\/li>\n<\/ul>\n<p>[\/vc_toggle][vc_toggle title=&#8220;Stornierung&#8220;]<span class=\"hps\"><span lang=\"DE\">Bei einer Stornierung<\/span><\/span><span lang=\"DE\">\u00a0<span class=\"hps\">bis zu 61 Tage<\/span>\u00a0vor dem\u00a0<span class=\"hps\">Check-in<\/span>\u00a0<span class=\"hps\">(<\/span>Ankunft)\u00a0<span class=\"hps\">entstehen Ihnen keine zus\u00e4tzlichen Kosten<\/span>.<\/span><\/p>\n<p><span class=\"hps\"><span lang=\"DE\">Die geleistete Anzahlung bleibt im Falle einer Stornierung bei uns als Ausfallsentsch\u00e4digung.<\/span><\/span><\/p>\n<p><span class=\"hps\"><span lang=\"DE\">Wenn die Reservierung<\/span><\/span><span lang=\"DE\">\u00a0<span class=\"hps\">mit einer Kreditkarte<\/span>\u00a0<span class=\"hps\">garantiert wurde,<\/span>\u00a0<span class=\"hps\">berechnen wir Ihnen<\/span>\u00a0<span class=\"hps\">mindestens 3<\/span>\u00a0<span class=\"hps\">volle Tage<\/span>\u00a0<span class=\"hps\">Aufenthaltskosten<\/span>.<\/span><\/p>\n<p><span class=\"hps\"><span lang=\"DE\">Es ist nicht<\/span><\/span><span lang=\"DE\">\u00a0<span class=\"hps\">m\u00f6glich, die<\/span>\u00a0<span class=\"hps\">Anzahlung<\/span>\u00a0<span class=\"hps\">gutzuschreiben<\/span>\u00a0<span class=\"hps\">oder in<\/span>\u00a0<span class=\"hps\">einen Gutschein<\/span>\u00a0<span class=\"hps\">f\u00fcr einen zuk\u00fcnftigen Aufenthalt<\/span>\u00a0umzuwandeln.<\/span><\/p>\n<p><strong><span class=\"hps\"><span lang=\"DE\">Vorzeitige Abreise<\/span><\/span><\/strong><span class=\"shorttext\"><b><span lang=\"DE\">:<\/span><\/b><\/span><\/p>\n<p><span class=\"hps\"><span lang=\"DE\">Im Falle einer vorzeitigen<\/span><\/span><span lang=\"DE\">\u00a0<span class=\"hps\">Abreise muss der<\/span>\u00a0<span class=\"hps\">Gast<\/span>\u00a0<span class=\"hps\">das Zimmer f\u00fcr<\/span>\u00a0<span class=\"hps\">einen weiteren Zeitraum von<\/span>\u00a0<span class=\"hps\">bis zu drei Tage bezahlen.<\/span><\/span><\/p>\n<p><strong><span class=\"hps\"><span lang=\"DE\">Versp\u00e4tete Anreise<\/span><\/span><\/strong><span class=\"shorttext\"><b><span lang=\"DE\">:<\/span><\/b><\/span><\/p>\n<p><span class=\"hps\"><span lang=\"DE\">Die<\/span><\/span><span lang=\"DE\">\u00a0<span class=\"hps\">versp\u00e4tete Ankunft<\/span>\u00a0<span class=\"hps\">berechtigt den Gast nicht<\/span>, seinen Aufenthalt\u00a0<span class=\"hps\">\u00fcber den<\/span>\u00a0<span class=\"hps\">gebuchten Abreisetag<\/span>\u00a0<span class=\"hps\">zu verl\u00e4ngern,<\/span>\u00a0ebenso muss das Zimmer ab dem gebuchten Tag bezahlt werden.<\/span>[\/vc_toggle][vc_column_text]<\/p>\n<table class=\"pricetable02\" style=\"width: 100%;\" cellspacing=\"0\" cellpadding=\"0\">\n<tbody>\n<tr style=\"height: 85px; vertical-align: top;\">\n<th style=\"width: 110px;\"><em>Saison<\/em><\/p>\n<p><em><span style=\"font-size: 15px;\">2026<\/span><\/em><\/th>\n<th colspan=\"2\" rowspan=\"1\">\n<p class=\"p1\"><em><span style=\"font-size: 12px;\">VORSAISON<br \/>\n01.03. &#8211; 02.04.<\/span><\/em><br \/>\n<em><span style=\"font-size: 12px;\">07.04. &#8211; 30.04.<br \/>\n05.10. &#8211; 31.10.<\/span><\/em><\/p>\n<\/th>\n<th><\/th>\n<th colspan=\"2\" rowspan=\"1\">\n<p class=\"p1\"><em><span style=\"font-size: 12px;\">MITTELSAISON<br \/>\n03.04. &#8211; 06.04.<br \/>\n01.05. &#8211; 26.06.<br \/>\n14.09. &#8211; 04.10.<\/span><\/em><\/p>\n<\/th>\n<th><em><span style=\"font-size: 12px;\">\u00a0 \u00a0<\/span><\/em><\/th>\n<th colspan=\"2\" rowspan=\"1\">\n<p class=\"p1\"><em><span style=\"font-size: 12px;\">HAUPTSAISON<br \/>\n27.06.- 13.09.<\/span><\/em><\/p>\n<\/th>\n<th><\/th>\n<\/tr>\n<tr>\n<td><\/td>\n<td style=\"text-align: center; vertical-align: middle;\"><strong><span style=\"font-family: georgia,serif;\"><span style=\"font-size: 10px;\">MIN<\/span><\/span><\/strong><\/td>\n<td style=\"text-align: center; vertical-align: middle;\"><strong><span style=\"font-family: georgia,serif;\"><span style=\"font-size: 10px;\">MAX<\/span><\/span><\/strong><\/td>\n<td><\/td>\n<td style=\"text-align: center; vertical-align: middle;\"><strong><span style=\"font-family: georgia,serif;\"><span style=\"font-size: 10px;\">MIN<\/span><\/span><\/strong><\/td>\n<td style=\"text-align: center; vertical-align: middle;\"><strong><span style=\"font-family: georgia,serif;\"><span style=\"font-size: 10px;\">MAX<\/span><\/span><\/strong><\/td>\n<td><\/td>\n<td style=\"text-align: center; vertical-align: middle;\"><strong><span style=\"font-family: georgia,serif;\"><span style=\"font-size: 10px;\">MIN<\/span><\/span><\/strong><\/td>\n<td style=\"text-align: center; vertical-align: middle;\"><strong><span style=\"font-family: georgia,serif;\"><span style=\"font-size: 10px;\">MAX<\/span><\/span><\/strong><\/td>\n<td><\/td>\n<\/tr>\n<tr>\n<td style=\"height: 25px; text-align: center; vertical-align: middle;\">\n<p style=\"text-align: left;\"><span style=\"font-size: 12px;\"><strong> Doppelzimmer<\/strong><br \/>\n(2 Pers.)\u00a0<\/span><\/p>\n<\/td>\n<td style=\"height: 25px; text-align: center; vertical-align: middle;\"><span style=\"font-size: 12px;\">\u20ac\u00a0 90,00<\/span><\/td>\n<td style=\"height: 25px; text-align: center; vertical-align: middle;\"><span style=\"font-size: 12px;\">\u20ac 106,00<\/span><\/td>\n<td style=\"width: 20px; height: 25px;\"><\/td>\n<td style=\"height: 25px; text-align: center; vertical-align: middle;\"><span style=\"font-size: 12px;\">\u20ac 110,00<\/span><\/td>\n<td style=\"height: 25px; text-align: center; vertical-align: middle;\"><span style=\"font-size: 12px;\">\u20ac 124,00<\/span><\/td>\n<td style=\"width: 20px; height: 25px;\"><\/td>\n<td style=\"height: 25px; text-align: center; vertical-align: middle;\"><span style=\"font-size: 12px;\">\u20ac 120,00<\/span><\/td>\n<td style=\"height: 25px; text-align: center; vertical-align: middle;\"><span style=\"font-size: 12px;\">\u20ac 140,00<\/span><\/td>\n<td style=\"width: 20px; height: 25px;\"><\/td>\n<\/tr>\n<tr>\n<td style=\"height: 50px; text-align: center; vertical-align: middle;\">\n<p style=\"text-align: left;\"><span style=\"font-size: 12px;\"><strong>Dreibettzimmer<\/strong><br \/>\n(\u00a03 Pers. )<\/span><\/p>\n<\/td>\n<td style=\"height: 35px; text-align: center; vertical-align: middle;\"><span style=\"font-size: 12px;\">\u20ac\u00a0 96,00<\/span><\/td>\n<td style=\"height: 35px; text-align: center; vertical-align: middle;\"><span style=\"font-size: 12px;\">\u20ac 136,00<\/span><\/td>\n<td style=\"width: 20px; height: 50px;\"><\/td>\n<td style=\"height: 35px; text-align: center; vertical-align: middle;\"><span style=\"font-size: 12px;\">\u20ac 116,00<\/span><\/td>\n<td style=\"height: 35px; text-align: center; vertical-align: middle;\"><span style=\"font-size: 12px;\">\u20ac 159,00<\/span><\/td>\n<td style=\"width: 20px; height: 50px;\"><\/td>\n<td style=\"height: 35px; text-align: center; vertical-align: middle;\"><span style=\"font-size: 12px;\">\u20ac 126,00<\/span><\/td>\n<td style=\"height: 35px; text-align: center; vertical-align: middle;\"><span style=\"font-size: 12px;\">\u20ac 180,00<\/span><\/td>\n<td style=\"width: 20px; height: 35px;\"><\/td>\n<\/tr>\n<tr>\n<td style=\"height: 35px; text-align: left; vertical-align: middle;\">\n<p class=\"p1\"><span style=\"font-size: 12px;\"><strong> Apartment<\/strong><br \/>\n(2 Pers.)<\/span><\/p>\n<\/td>\n<td style=\"height: 35px; text-align: center; vertical-align: middle;\"><span style=\"font-size: 12px;\">\u20ac 118,00<\/span><\/td>\n<td style=\"height: 35px; text-align: center; vertical-align: middle;\"><span style=\"font-size: 12px;\">\u20ac 124,00<\/span><\/td>\n<td style=\"width: 20px; height: 35px;\"><\/td>\n<td style=\"height: 35px; text-align: center; vertical-align: middle;\"><span style=\"font-size: 12px;\">\u20ac 136,00<\/span><\/td>\n<td style=\"height: 35px; text-align: center; vertical-align: middle;\"><span style=\"font-size: 12px;\">\u20ac 142,00<\/span><\/td>\n<td style=\"width: 20px; height: 35px;\"><\/td>\n<td style=\"height: 35px; text-align: center; vertical-align: middle;\"><span style=\"font-size: 12px;\">\u20ac 152,00<\/span><\/td>\n<td style=\"height: 35px; text-align: center; vertical-align: middle;\"><span style=\"font-size: 12px;\">\u20ac 158<\/span><span style=\"font-size: 12px;\">,00<\/span><\/td>\n<td style=\"width: 20px; height: 35px;\"><\/td>\n<\/tr>\n<tr>\n<td style=\"height: 35px; text-align: left; vertical-align: middle;\">\n<p class=\"p1\"><span style=\"font-size: 12px;\"><strong> Apartment<\/strong><br \/>\n(3 Pers.)<\/span><\/p>\n<\/td>\n<td style=\"height: 35px; text-align: center; vertical-align: middle;\"><span style=\"font-size: 12px;\">\u20ac 124,00<\/span><\/td>\n<td style=\"height: 35px; text-align: center; vertical-align: middle;\"><span style=\"font-size: 12px;\">\u20ac 155,00<\/span><\/td>\n<td style=\"width: 20px; height: 35px;\"><\/td>\n<td style=\"height: 35px; text-align: center; vertical-align: middle;\"><span style=\"font-size: 12px;\">\u20ac 142,00<\/span><\/td>\n<td style=\"height: 35px; text-align: center; vertical-align: middle;\"><span style=\"font-size: 12px;\">\u20ac 177,00<\/span><\/td>\n<td style=\"width: 20px; height: 35px;\"><\/td>\n<td style=\"height: 35px; text-align: center; vertical-align: middle;\"><span style=\"font-size: 12px;\">\u20ac 158,00<\/span><\/td>\n<td style=\"height: 35px; text-align: center; vertical-align: middle;\"><span style=\"font-size: 12px;\">\u20ac 194,00<\/span><\/td>\n<td style=\"width: 20px; height: 35px;\"><\/td>\n<\/tr>\n<tr>\n<td style=\"height: 35px; text-align: left; vertical-align: middle;\">\n<p class=\"p1\"><span style=\"font-size: 12px;\"><strong> Apartment<\/strong><br \/>\n(4 Pers.)<\/span><\/p>\n<\/td>\n<td style=\"height: 35px; text-align: center; vertical-align: middle;\"><span style=\"font-size: 12px;\">\u20ac 130,00<\/span><\/td>\n<td style=\"height: 35px; text-align: center; vertical-align: middle;\"><span style=\"font-size: 12px;\">\u20ac 176,00<\/span><\/td>\n<td style=\"width: 20px; height: 35px;\"><\/td>\n<td style=\"height: 35px; text-align: center; vertical-align: middle;\"><span style=\"font-size: 12px;\">\u20ac 148,00<\/span><\/td>\n<td style=\"height: 35px; text-align: center; vertical-align: middle;\"><span style=\"font-size: 12px;\">\u20ac 201,00<\/span><\/td>\n<td style=\"width: 20px; height: 35px;\"><\/td>\n<td style=\"height: 35px; text-align: center; vertical-align: middle;\"><span style=\"font-size: 12px;\">\u20ac <\/span><span style=\"font-size: 12px;\">164,00<\/span><\/td>\n<td style=\"height: 35px; text-align: center; vertical-align: middle;\"><span style=\"font-size: 12px;\">\u20ac 220<\/span><span style=\"font-size: 12px;\">,00<\/span><\/td>\n<td style=\"width: 20px; height: 35px;\"><\/td>\n<\/tr>\n<\/tbody>\n<\/table>\n<p>[\/vc_column_text][vc_column_text]<\/p>\n<ul>\n<li>Alle Preise sind pro Zimmer und pro Tag inkl. Fr\u00fchst\u00fccksbuffet, bei einem Mindestaufenthalt von 3 N\u00e4chten.<\/li>\n<li><strong>Appartements<\/strong>: Mit komplett eingerichteter K\u00fcchenzeile, Bettw\u00e4sche und Handt\u00fcchern. Dusche, WC, Sat-TV, Telefon, Safe, Heizung, Klimaanlage \u20ac 2,50 pro Tag extra und Balkon.<\/li>\n<li>Die K\u00fcchenzeile muss gereinigt \u00fcbergeben werden, sonst wird eine Endreinigungsgeb\u00fchr von 50,00 \u20ac f\u00e4llig.<\/li>\n<li>Preise inkl. Fr\u00fchst\u00fccksbuffet und t\u00e4glicher Reinigung.<\/li>\n<li>CHECK-IN : 14.00<\/li>\n<li>CHECK-OUT: 10:30<\/li>\n<\/ul>\n<p>[\/vc_column_text][\/vc_column][\/vc_row]<\/p>\n<\/div>","protected":false},"excerpt":{"rendered":"<p>[vc_row el_class=&#8220;shb-accommodation-single-1-wrapper&#8220; css=&#8220;.vc_custom_1627561638914{margin-top: 40px !important;margin-right: 0px !important;margin-bottom: 0px !important;margin-left: 0px !important;border-top-width: 0px !important;border-right-width: 0px !important;border-bottom-width: 0px !important;border-left-width: 0px !important;padding-top: 0px !important;padding-right: 0px !important;padding-bottom: 0px !important;padding-left: 0px !important;}&#8220;][vc_column css=&#8220;.vc_custom_1627561647148{margin-top: 0px !important;margin-right: 0px !important;margin-bottom: 0px !important;margin-left: 0px !important;border-top-width: 0px !important;border-right-width: 0px !important;border-bottom-width: 0px !important;border-left-width: 0px !important;padding-top: 0px !important;padding-right: 0px !important;padding-bottom: 0px !important;padding-left: 0px !important;}&#8220;][vc_toggle title=&#8220;Zuschl\u00e4ge&#8220;] \u00a0Fr\u00fchst\u00fcck extra<\/p>\n<a href=\"https:\/\/casachincarini.com\/de\/prezzi\/\" class=\"sohohotel-more-link\">Weiterlesen<\/a>","protected":false},"author":1,"featured_media":0,"parent":0,"menu_order":0,"comment_status":"closed","ping_status":"closed","template":"","meta":{"footnotes":""},"class_list":["post-751","page","type-page","status-publish","hentry"],"yoast_head":"<!-- This site is optimized with the Yoast SEO plugin v26.8 - https:\/\/yoast.com\/product\/yoast-seo-wordpress\/ -->\n<title>Preise - hotel Casa Chincarini<\/title>\n<meta name=\"robots\" content=\"index, follow, max-snippet:-1, max-image-preview:large, max-video-preview:-1\" \/>\n<link rel=\"canonical\" href=\"https:\/\/casachincarini.com\/de\/prezzi\/\" \/>\n<meta property=\"og:locale\" content=\"de_DE\" \/>\n<meta property=\"og:type\" content=\"article\" \/>\n<meta property=\"og:title\" content=\"Preise - hotel Casa Chincarini\" \/>\n<meta property=\"og:description\" content=\"[vc_row el_class=&#8220;shb-accommodation-single-1-wrapper&#8220; css=&#8220;.vc_custom_1627561638914{margin-top: 40px !important;margin-right: 0px !important;margin-bottom: 0px !important;margin-left: 0px !important;border-top-width: 0px !important;border-right-width: 0px !important;border-bottom-width: 0px !important;border-left-width: 0px !important;padding-top: 0px !important;padding-right: 0px !important;padding-bottom: 0px !important;padding-left: 0px !important;}&#8220;][vc_column css=&#8220;.vc_custom_1627561647148{margin-top: 0px !important;margin-right: 0px !important;margin-bottom: 0px !important;margin-left: 0px !important;border-top-width: 0px !important;border-right-width: 0px !important;border-bottom-width: 0px !important;border-left-width: 0px !important;padding-top: 0px !important;padding-right: 0px !important;padding-bottom: 0px !important;padding-left: 0px !important;}&#8220;][vc_toggle title=&#8220;Zuschl\u00e4ge&#8220;] \u00a0Fr\u00fchst\u00fcck extra\" \/>\n<meta property=\"og:url\" content=\"https:\/\/casachincarini.com\/de\/prezzi\/\" \/>\n<meta property=\"og:site_name\" content=\"hotel Casa Chincarini\" \/>\n<meta property=\"article:modified_time\" content=\"2025-12-05T15:27:54+00:00\" \/>\n<meta name=\"twitter:card\" content=\"summary_large_image\" \/>\n<meta name=\"twitter:label1\" content=\"Gesch\u00e4tzte Lesezeit\" \/>\n\t<meta name=\"twitter:data1\" content=\"2\u00a0Minuten\" \/>\n<script type=\"application\/ld+json\" class=\"yoast-schema-graph\">{\"@context\":\"https:\/\/schema.org\",\"@graph\":[{\"@type\":\"WebPage\",\"@id\":\"https:\/\/casachincarini.com\/de\/prezzi\/\",\"url\":\"https:\/\/casachincarini.com\/de\/prezzi\/\",\"name\":\"Preise - hotel Casa Chincarini\",\"isPartOf\":{\"@id\":\"https:\/\/casachincarini.com\/#website\"},\"datePublished\":\"2024-05-15T09:20:17+00:00\",\"dateModified\":\"2025-12-05T15:27:54+00:00\",\"breadcrumb\":{\"@id\":\"https:\/\/casachincarini.com\/de\/prezzi\/#breadcrumb\"},\"inLanguage\":\"de\",\"potentialAction\":[{\"@type\":\"ReadAction\",\"target\":[\"https:\/\/casachincarini.com\/de\/prezzi\/\"]}]},{\"@type\":\"BreadcrumbList\",\"@id\":\"https:\/\/casachincarini.com\/de\/prezzi\/#breadcrumb\",\"itemListElement\":[{\"@type\":\"ListItem\",\"position\":1,\"name\":\"Home\",\"item\":\"https:\/\/casachincarini.com\/de\/\"},{\"@type\":\"ListItem\",\"position\":2,\"name\":\"Preise\"}]},{\"@type\":\"WebSite\",\"@id\":\"https:\/\/casachincarini.com\/#website\",\"url\":\"https:\/\/casachincarini.com\/\",\"name\":\"hotel Casa Chincarini\",\"description\":\"un garn\u00ec a conduzione familiare, un&#039;oasi di tranquillit\u00e0 e di relax.\",\"potentialAction\":[{\"@type\":\"SearchAction\",\"target\":{\"@type\":\"EntryPoint\",\"urlTemplate\":\"https:\/\/casachincarini.com\/?s={search_term_string}\"},\"query-input\":{\"@type\":\"PropertyValueSpecification\",\"valueRequired\":true,\"valueName\":\"search_term_string\"}}],\"inLanguage\":\"de\"}]}<\/script>\n<!-- \/ Yoast SEO plugin. -->","yoast_head_json":{"title":"Preise - hotel Casa Chincarini","robots":{"index":"index","follow":"follow","max-snippet":"max-snippet:-1","max-image-preview":"max-image-preview:large","max-video-preview":"max-video-preview:-1"},"canonical":"https:\/\/casachincarini.com\/de\/prezzi\/","og_locale":"de_DE","og_type":"article","og_title":"Preise - hotel Casa Chincarini","og_description":"[vc_row el_class=&#8220;shb-accommodation-single-1-wrapper&#8220; css=&#8220;.vc_custom_1627561638914{margin-top: 40px !important;margin-right: 0px !important;margin-bottom: 0px !important;margin-left: 0px !important;border-top-width: 0px !important;border-right-width: 0px !important;border-bottom-width: 0px !important;border-left-width: 0px !important;padding-top: 0px !important;padding-right: 0px !important;padding-bottom: 0px !important;padding-left: 0px !important;}&#8220;][vc_column css=&#8220;.vc_custom_1627561647148{margin-top: 0px !important;margin-right: 0px !important;margin-bottom: 0px !important;margin-left: 0px !important;border-top-width: 0px !important;border-right-width: 0px !important;border-bottom-width: 0px !important;border-left-width: 0px !important;padding-top: 0px !important;padding-right: 0px !important;padding-bottom: 0px !important;padding-left: 0px !important;}&#8220;][vc_toggle title=&#8220;Zuschl\u00e4ge&#8220;] \u00a0Fr\u00fchst\u00fcck extra","og_url":"https:\/\/casachincarini.com\/de\/prezzi\/","og_site_name":"hotel Casa Chincarini","article_modified_time":"2025-12-05T15:27:54+00:00","twitter_card":"summary_large_image","twitter_misc":{"Gesch\u00e4tzte Lesezeit":"2\u00a0Minuten"},"schema":{"@context":"https:\/\/schema.org","@graph":[{"@type":"WebPage","@id":"https:\/\/casachincarini.com\/de\/prezzi\/","url":"https:\/\/casachincarini.com\/de\/prezzi\/","name":"Preise - hotel Casa Chincarini","isPartOf":{"@id":"https:\/\/casachincarini.com\/#website"},"datePublished":"2024-05-15T09:20:17+00:00","dateModified":"2025-12-05T15:27:54+00:00","breadcrumb":{"@id":"https:\/\/casachincarini.com\/de\/prezzi\/#breadcrumb"},"inLanguage":"de","potentialAction":[{"@type":"ReadAction","target":["https:\/\/casachincarini.com\/de\/prezzi\/"]}]},{"@type":"BreadcrumbList","@id":"https:\/\/casachincarini.com\/de\/prezzi\/#breadcrumb","itemListElement":[{"@type":"ListItem","position":1,"name":"Home","item":"https:\/\/casachincarini.com\/de\/"},{"@type":"ListItem","position":2,"name":"Preise"}]},{"@type":"WebSite","@id":"https:\/\/casachincarini.com\/#website","url":"https:\/\/casachincarini.com\/","name":"hotel Casa Chincarini","description":"un garn\u00ec a conduzione familiare, un&#039;oasi di tranquillit\u00e0 e di relax.","potentialAction":[{"@type":"SearchAction","target":{"@type":"EntryPoint","urlTemplate":"https:\/\/casachincarini.com\/?s={search_term_string}"},"query-input":{"@type":"PropertyValueSpecification","valueRequired":true,"valueName":"search_term_string"}}],"inLanguage":"de"}]}},"_links":{"self":[{"href":"https:\/\/casachincarini.com\/de\/wp-json\/wp\/v2\/pages\/751","targetHints":{"allow":["GET"]}}],"collection":[{"href":"https:\/\/casachincarini.com\/de\/wp-json\/wp\/v2\/pages"}],"about":[{"href":"https:\/\/casachincarini.com\/de\/wp-json\/wp\/v2\/types\/page"}],"author":[{"embeddable":true,"href":"https:\/\/casachincarini.com\/de\/wp-json\/wp\/v2\/users\/1"}],"replies":[{"embeddable":true,"href":"https:\/\/casachincarini.com\/de\/wp-json\/wp\/v2\/comments?post=751"}],"version-history":[{"count":11,"href":"https:\/\/casachincarini.com\/de\/wp-json\/wp\/v2\/pages\/751\/revisions"}],"predecessor-version":[{"id":935,"href":"https:\/\/casachincarini.com\/de\/wp-json\/wp\/v2\/pages\/751\/revisions\/935"}],"wp:attachment":[{"href":"https:\/\/casachincarini.com\/de\/wp-json\/wp\/v2\/media?parent=751"}],"curies":[{"name":"wp","href":"https:\/\/api.w.org\/{rel}","templated":true}]}}