{"id":755,"date":"2024-05-15T09:20:17","date_gmt":"2024-05-15T09:20:17","guid":{"rendered":"https:\/\/casachincarini.com.graffitiweb.site\/servizi\/"},"modified":"2024-05-31T08:00:46","modified_gmt":"2024-05-31T08:00:46","slug":"servizi","status":"publish","type":"page","link":"https:\/\/casachincarini.com\/de\/servizi\/","title":{"rendered":"Services"},"content":{"rendered":"<div class=\"wpb-content-wrapper\"><p>[vc_row][vc_column]<section class=\"sohohotel-icon-text-wrapper-1 sohohotel-clearfix\"><div class=\"sohohotel-icon-text-block sohohotel-clearfix\">\n\t\t<div class=\"sohohotel-icon\"><i class=\"fas fa-coffee\"><\/i><\/div>\n\t\t<div class=\"sohohotel-text\">\n\t\t\t<h4>Fr\u00fchst\u00fccksbuffet<\/h4>\n\t\t\t<p>Reichhaltiges und leckeres Fr\u00fchst\u00fccksbuffet im Fr\u00fchst\u00fccksraum.<\/p>\n\t\t<\/div>\n\t\t<\/div><div class=\"sohohotel-icon-text-block sohohotel-clearfix\">\n\t\t<div class=\"sohohotel-icon\"><i class=\"fas fa-wine-bottle\"><\/i><\/div>\n\t\t<div class=\"sohohotel-text\">\n\t\t\t<h4>Bar<\/h4>\n\t\t\t<p>mit einer guten Auswahl an Weinen, Kuchen und Snacks.<\/p>\n\t\t<\/div>\n\t\t<\/div><div class=\"sohohotel-icon-text-block sohohotel-clearfix\">\n\t\t<div class=\"sohohotel-icon\"><i class=\"fas fa-fire\"><\/i><\/div>\n\t\t<div class=\"sohohotel-text\">\n\t\t\t<h4>K\u00fcche \/ Barbecue<\/h4>\n\t\t\t<p>Mit einer K\u00fcche f\u00fcr die G\u00e4ste und Grillm\u00f6glichkeit im Freien.<\/p>\n\t\t<\/div>\n\t\t<\/div><div class=\"sohohotel-icon-text-block sohohotel-clearfix\">\n\t\t<div class=\"sohohotel-icon\"><i class=\"fas fa-level-up-alt\"><\/i><\/div>\n\t\t<div class=\"sohohotel-text\">\n\t\t\t<h4>Aufzug<\/h4>\n\t\t\t<p><\/p>\n\t\t<\/div>\n\t\t<\/div><\/section><section class=\"sohohotel-icon-text-wrapper-1 sohohotel-clearfix\"><div class=\"sohohotel-icon-text-block sohohotel-clearfix\">\n\t\t<div class=\"sohohotel-icon\"><i class=\"fas fa-wifi\"><\/i><\/div>\n\t\t<div class=\"sohohotel-text\">\n\t\t\t<h4>WI-FI<\/h4>\n\t\t\t<p>Kostenloses<\/p>\n\t\t<\/div>\n\t\t<\/div><div class=\"sohohotel-icon-text-block sohohotel-clearfix\">\n\t\t<div class=\"sohohotel-icon\"><i class=\"fas fa-wind\"><\/i><\/div>\n\t\t<div class=\"sohohotel-text\">\n\t\t\t<h4>Klimaanlage <\/h4>\n\t\t\t<p> in den \u00f6ffentlichen Bereichen (im Zimmer 3,00 Euro pro Tag)<\/p>\n\t\t<\/div>\n\t\t<\/div><\/section><section class=\"sohohotel-icon-text-wrapper-1 sohohotel-clearfix\"><div class=\"sohohotel-icon-text-block sohohotel-clearfix\">\n\t\t<div class=\"sohohotel-icon\"><i class=\"fas fa-parking\"><\/i><\/div>\n\t\t<div class=\"sohohotel-text\">\n\t\t\t<h4>Parkpl\u00e4tze und Garage<\/h4>\n\t\t\t<p>Ausreichend Parkpl\u00e4tze und Garage f\u00fcr Motorr\u00e4der und Fahrr\u00e4der.<\/p>\n\t\t<\/div>\n\t\t<\/div><div class=\"sohohotel-icon-text-block sohohotel-clearfix\">\n\t\t<div class=\"sohohotel-icon\"><i class=\"fas fa-swimming-pool\"><\/i><\/div>\n\t\t<div class=\"sohohotel-text\">\n\t\t\t<h4>Schwimmbad<\/h4>\n\t\t\t<p>Beheiztes Schwimmbad (mit Solar) mit Liegest\u00fchlen und Sonnenschirmen ausgestattet. Whirlpool<\/p>\n\t\t<\/div>\n\t\t<\/div><div class=\"sohohotel-icon-text-block sohohotel-clearfix\">\n\t\t<div class=\"sohohotel-icon\"><i class=\"fas fa-child\"><\/i><\/div>\n\t\t<div class=\"sohohotel-text\">\n\t\t\t<h4>Kinderspielplatz<\/h4>\n\t\t\t<p>Kinderspielplatz, Gartentrampolin, Tischtennis, Kicker, Tam Tam, Schaukel, Rutschbahn.<\/p>\n\t\t<\/div>\n\t\t<\/div><div class=\"sohohotel-icon-text-block sohohotel-clearfix\">\n\t\t<div class=\"sohohotel-icon\"><i class=\"fas fa-bicycle\"><\/i><\/div>\n\t\t<div class=\"sohohotel-text\">\n\t\t\t<h4>Fahrr\u00e4der<\/h4>\n\t\t\t<p>Fahrr\u00e4der (City Bike) f\u00fcr Kunden verf\u00fcgbar.<\/p>\n\t\t<\/div>\n\t\t<\/div><\/section><section class=\"sohohotel-icon-text-wrapper-1 sohohotel-clearfix\"><div class=\"sohohotel-icon-text-block sohohotel-clearfix\">\n\t\t<div class=\"sohohotel-icon\"><i class=\"fas fa-charging-station\"><\/i><\/div>\n\t\t<div class=\"sohohotel-text\">\n\t\t\t<h4>Ladestation f\u00fcr Elektrofahrzeuge<\/h4>\n\t\t\t<p>NEU<\/p>\n\t\t<\/div>\n\t\t<\/div><div class=\"sohohotel-icon-text-block sohohotel-clearfix\">\n\t\t<div class=\"sohohotel-icon\"><i class=\"fas fa-ticket-alt\"><\/i><\/div>\n\t\t<div class=\"sohohotel-text\">\n\t\t\t<h4>Rabattkarten<\/h4>\n\t\t\t<p>Rabattkarten f\u00fcr Boote, Seilbahnen, Parks und Museen am Gardasee. Transport-und Buchungsorganisation f\u00fcr die Opernfestspiele in der Arena von Verona, sowie Touren nach Venedig oder in die Dolomiten.<\/p>\n<p>Haustiere erlaubt bis zu 10 Kg.<\/p>\n\t\t<\/div>\n\t\t<\/div><\/section>[\/vc_column][\/vc_row]<\/p>\n<\/div>","protected":false},"excerpt":{"rendered":"<p>[vc_row][vc_column][\/vc_column][\/vc_row]<\/p>\n<a href=\"https:\/\/casachincarini.com\/de\/servizi\/\" class=\"sohohotel-more-link\">Weiterlesen<\/a>","protected":false},"author":1,"featured_media":0,"parent":0,"menu_order":0,"comment_status":"closed","ping_status":"closed","template":"","meta":{"footnotes":""},"class_list":["post-755","page","type-page","status-publish","hentry"],"yoast_head":"<!-- This site is optimized with the Yoast SEO plugin v26.8 - https:\/\/yoast.com\/product\/yoast-seo-wordpress\/ -->\n<title>Services - hotel Casa Chincarini<\/title>\n<meta name=\"robots\" content=\"index, follow, max-snippet:-1, max-image-preview:large, max-video-preview:-1\" \/>\n<link rel=\"canonical\" href=\"https:\/\/casachincarini.com\/de\/servizi\/\" \/>\n<meta property=\"og:locale\" content=\"de_DE\" \/>\n<meta property=\"og:type\" content=\"article\" \/>\n<meta property=\"og:title\" content=\"Services - hotel Casa Chincarini\" \/>\n<meta property=\"og:description\" content=\"[vc_row][vc_column][\/vc_column][\/vc_row]\" \/>\n<meta property=\"og:url\" content=\"https:\/\/casachincarini.com\/de\/servizi\/\" \/>\n<meta property=\"og:site_name\" content=\"hotel Casa Chincarini\" \/>\n<meta property=\"article:modified_time\" content=\"2024-05-31T08:00:46+00:00\" \/>\n<meta name=\"twitter:card\" content=\"summary_large_image\" \/>\n<meta name=\"twitter:label1\" content=\"Gesch\u00e4tzte Lesezeit\" \/>\n\t<meta name=\"twitter:data1\" content=\"1\u00a0Minute\" \/>\n<script type=\"application\/ld+json\" class=\"yoast-schema-graph\">{\"@context\":\"https:\/\/schema.org\",\"@graph\":[{\"@type\":\"WebPage\",\"@id\":\"https:\/\/casachincarini.com\/de\/servizi\/\",\"url\":\"https:\/\/casachincarini.com\/de\/servizi\/\",\"name\":\"Services - hotel Casa Chincarini\",\"isPartOf\":{\"@id\":\"https:\/\/casachincarini.com\/#website\"},\"datePublished\":\"2024-05-15T09:20:17+00:00\",\"dateModified\":\"2024-05-31T08:00:46+00:00\",\"breadcrumb\":{\"@id\":\"https:\/\/casachincarini.com\/de\/servizi\/#breadcrumb\"},\"inLanguage\":\"de\",\"potentialAction\":[{\"@type\":\"ReadAction\",\"target\":[\"https:\/\/casachincarini.com\/de\/servizi\/\"]}]},{\"@type\":\"BreadcrumbList\",\"@id\":\"https:\/\/casachincarini.com\/de\/servizi\/#breadcrumb\",\"itemListElement\":[{\"@type\":\"ListItem\",\"position\":1,\"name\":\"Home\",\"item\":\"https:\/\/casachincarini.com\/de\/\"},{\"@type\":\"ListItem\",\"position\":2,\"name\":\"Services\"}]},{\"@type\":\"WebSite\",\"@id\":\"https:\/\/casachincarini.com\/#website\",\"url\":\"https:\/\/casachincarini.com\/\",\"name\":\"hotel Casa Chincarini\",\"description\":\"un garn\u00ec a conduzione familiare, un&#039;oasi di tranquillit\u00e0 e di relax.\",\"potentialAction\":[{\"@type\":\"SearchAction\",\"target\":{\"@type\":\"EntryPoint\",\"urlTemplate\":\"https:\/\/casachincarini.com\/?s={search_term_string}\"},\"query-input\":{\"@type\":\"PropertyValueSpecification\",\"valueRequired\":true,\"valueName\":\"search_term_string\"}}],\"inLanguage\":\"de\"}]}<\/script>\n<!-- \/ Yoast SEO plugin. -->","yoast_head_json":{"title":"Services - hotel Casa Chincarini","robots":{"index":"index","follow":"follow","max-snippet":"max-snippet:-1","max-image-preview":"max-image-preview:large","max-video-preview":"max-video-preview:-1"},"canonical":"https:\/\/casachincarini.com\/de\/servizi\/","og_locale":"de_DE","og_type":"article","og_title":"Services - hotel Casa Chincarini","og_description":"[vc_row][vc_column][\/vc_column][\/vc_row]","og_url":"https:\/\/casachincarini.com\/de\/servizi\/","og_site_name":"hotel Casa Chincarini","article_modified_time":"2024-05-31T08:00:46+00:00","twitter_card":"summary_large_image","twitter_misc":{"Gesch\u00e4tzte Lesezeit":"1\u00a0Minute"},"schema":{"@context":"https:\/\/schema.org","@graph":[{"@type":"WebPage","@id":"https:\/\/casachincarini.com\/de\/servizi\/","url":"https:\/\/casachincarini.com\/de\/servizi\/","name":"Services - hotel Casa Chincarini","isPartOf":{"@id":"https:\/\/casachincarini.com\/#website"},"datePublished":"2024-05-15T09:20:17+00:00","dateModified":"2024-05-31T08:00:46+00:00","breadcrumb":{"@id":"https:\/\/casachincarini.com\/de\/servizi\/#breadcrumb"},"inLanguage":"de","potentialAction":[{"@type":"ReadAction","target":["https:\/\/casachincarini.com\/de\/servizi\/"]}]},{"@type":"BreadcrumbList","@id":"https:\/\/casachincarini.com\/de\/servizi\/#breadcrumb","itemListElement":[{"@type":"ListItem","position":1,"name":"Home","item":"https:\/\/casachincarini.com\/de\/"},{"@type":"ListItem","position":2,"name":"Services"}]},{"@type":"WebSite","@id":"https:\/\/casachincarini.com\/#website","url":"https:\/\/casachincarini.com\/","name":"hotel Casa Chincarini","description":"un garn\u00ec a conduzione familiare, un&#039;oasi di tranquillit\u00e0 e di relax.","potentialAction":[{"@type":"SearchAction","target":{"@type":"EntryPoint","urlTemplate":"https:\/\/casachincarini.com\/?s={search_term_string}"},"query-input":{"@type":"PropertyValueSpecification","valueRequired":true,"valueName":"search_term_string"}}],"inLanguage":"de"}]}},"_links":{"self":[{"href":"https:\/\/casachincarini.com\/de\/wp-json\/wp\/v2\/pages\/755","targetHints":{"allow":["GET"]}}],"collection":[{"href":"https:\/\/casachincarini.com\/de\/wp-json\/wp\/v2\/pages"}],"about":[{"href":"https:\/\/casachincarini.com\/de\/wp-json\/wp\/v2\/types\/page"}],"author":[{"embeddable":true,"href":"https:\/\/casachincarini.com\/de\/wp-json\/wp\/v2\/users\/1"}],"replies":[{"embeddable":true,"href":"https:\/\/casachincarini.com\/de\/wp-json\/wp\/v2\/comments?post=755"}],"version-history":[{"count":2,"href":"https:\/\/casachincarini.com\/de\/wp-json\/wp\/v2\/pages\/755\/revisions"}],"predecessor-version":[{"id":836,"href":"https:\/\/casachincarini.com\/de\/wp-json\/wp\/v2\/pages\/755\/revisions\/836"}],"wp:attachment":[{"href":"https:\/\/casachincarini.com\/de\/wp-json\/wp\/v2\/media?parent=755"}],"curies":[{"name":"wp","href":"https:\/\/api.w.org\/{rel}","templated":true}]}}