{"id":757,"date":"2024-05-15T09:20:17","date_gmt":"2024-05-15T09:20:17","guid":{"rendered":"https:\/\/casachincarini.com.graffitiweb.site\/sport-fun\/"},"modified":"2024-05-31T08:11:57","modified_gmt":"2024-05-31T08:11:57","slug":"sport-fun","status":"publish","type":"page","link":"https:\/\/casachincarini.com\/de\/sport-fun\/","title":{"rendered":"Sport &#038; Fun"},"content":{"rendered":"<div class=\"wpb-content-wrapper\"><p>[vc_row fixed_width=&#8220;true&#8220; css=&#8220;.vc_custom_1627562291998{margin-top: 0px !important;margin-bottom: 0px !important;border-top-width: 0px !important;border-bottom-width: 0px !important;padding-top: 10px !important;padding-bottom: 0px !important;}&#8220;][vc_column css=&#8220;.vc_custom_1627562322556{margin-top: 0px !important;margin-bottom: 0px !important;border-top-width: 0px !important;border-bottom-width: 0px !important;padding-top: 0px !important;padding-bottom: 0px !important;}&#8220;]<div class=\"sohohotel-fixed-height-text-image-wrapper sohohotel-clearfix\"><div class=\"sohohotel-fixed-height-text-wrapper sohohotel-fixed-height-text-wrapper-left\"><h3 class=\"sohohotel-title-28px sohohotel-clearfix sohohotel-title-left\">Gardasee<\/h3><strong>Gardasee<\/strong>: Eine sch\u00f6ne Kulisse f\u00fcr Ihren Lieblingssport<\/p>\n<p>Ausgehend von den klassischen Wassersportarten wie Segeln, Windsurfen, Angeln, Schwimmen und Tauchen. Weitere interessante und unterhaltsame \u00a0Aktivit\u00e4ten wie Mountainbiking, Wandern, Gleitschirmfliegen, Paragliding, Rafting, Canyoning, Vogelbeobachtung, Reiten, Tennis und Golf werden auch angeboten.<\/p>\n<p>Egal was Sie erleben wollen, der Gardasee bietet es und versetzt Sie immer wieder in Erstaunen.<\/p>\n<p>Wenn Sie nach einem Ort suchen, wo Sie jeden Tag etwas anderes tun k\u00f6nnen, tausend\u00a0 \u00a0Emotionen erleben oder Vergn\u00fcgungsparks entdecken wollen, dann tauchen Sie ein\u00a0 in die Sch\u00f6nheit der nat\u00fcrlichen Parks oder besuchen Sie Orte die reich sind an Geschichte und Kultur.\u00a0 Genie\u00dfen Sie den herrlichen Blick \u00fcber den Gardasee, denn hier finden sie all dies und noch viel mehr , nur eins fehlt, die Langeweile.<\/div><div class=\"sohohotel-fixed-height-image-wrapper sohohotel-fixed-height-image-wrapper-right\"><div class=\"sohohotel-fixed-height-image\" style=\"background-image: url(https:\/\/casachincarini.com\/wp-content\/uploads\/2024\/05\/pagine_parapendio_parapendio_toscana_top_level_biposto.jpg); background-size: 600px 400px; height: 400px;\"><\/div><\/div><\/div><div class=\"sohohotel-fixed-height-text-image-wrapper sohohotel-clearfix\"><div class=\"sohohotel-fixed-height-text-wrapper sohohotel-fixed-height-text-wrapper-right\"><h3 class=\"sohohotel-title-28px sohohotel-clearfix sohohotel-title-left\">Malcesine<\/h3>In Malcesine finden Sie alle wichtigen Wassersportarten wie z. B. Segeln und Kitesurfen. Ferner k\u00f6nnen Sie auch Bootsfahrten buchen oder kleinere Boote mieten.<\/p>\n<p>In \u00a0der Stadt finden Sie die Talstation der Seilbahn, die Sie in wenigen Minuten zu dem 1780 m hoch gelegenen Monte Baldo bringt. Dort kann man wundersch\u00f6ne Ausfl\u00fcge zu Fu\u00df oder mit dem Mountainbike machen. Bewundern Sie die sch\u00f6ne Aussicht auf den See. Es ist auch m\u00f6glich, Fl\u00fcge mit Tandem Paragliding zu machen.<\/p>\n<ul>\n<li><a href=\"http:\/\/www.fragliavela.org\" target=\"_blank\" rel=\"noopener\">Fraglia della Vela<\/a><\/li>\n<li><a href=\"https:\/\/www.nanywindsurf.com\/it\/\" target=\"_blank\" rel=\"noopener\">Nany&#8217;s acqua center Rent &amp; School<\/a><\/li>\n<li><a href=\"http:\/\/www.wwwind.com\" target=\"_blank\" rel=\"noopener\">WWWind Square Windsurfing, Kitesurfing&amp; Sailin<\/a><\/li>\n<li><a href=\"tel:1714108544\" target=\"_blank\" rel=\"noopener\">Sunrise Windsurfing Loc Campagnola<\/a><\/li>\n<li><a href=\"http:\/\/www.spherasail.com\" target=\"_blank\" rel=\"noopener\">Sphera Sail &#8211; Rent &amp; School Sailing<\/a><\/li>\n<li><a href=\"http:\/\/www.bikeapartments.com\" target=\"_blank\" rel=\"noopener\">Bikextreme<\/a><\/li>\n<li><a href=\"http:\/\/www.fitandsun.it\" target=\"_blank\" rel=\"noopener\">Fit &amp; Sun &#8211; Bike Tour<\/a><a href=\"tel:+390456584136\" target=\"_blank\" rel=\"noopener\">Centro Tennis Cassone<\/a><\/li>\n<li><a href=\"tel:+393490655069\" target=\"_blank\" rel=\"noopener\">Centro Tennis Navene<\/a><\/li>\n<li><a href=\"http:\/\/www.tandemparagliding.eu\" target=\"_blank\" rel=\"noopener\"><strong>Tandem Paragliding<\/strong><\/a><\/li>\n<li><a href=\"http:\/\/www.outdoorplanet.net\" target=\"_blank\" rel=\"noopener\"><strong>Canyoning<\/strong><\/a><\/li>\n<\/ul>\n<p><\/div><div class=\"sohohotel-fixed-height-image-wrapper sohohotel-fixed-height-image-wrapper-left\"><div class=\"sohohotel-fixed-height-image\" style=\"background-image: url(https:\/\/casachincarini.com\/wp-content\/uploads\/2024\/05\/montanbike.jpg); background-size: 600px 400px; height: 400px;\"><\/div><\/div><\/div><div class=\"sohohotel-fixed-height-text-image-wrapper sohohotel-clearfix\"><div class=\"sohohotel-fixed-height-text-wrapper sohohotel-fixed-height-text-wrapper-left\"><h3 class=\"sohohotel-title-28px sohohotel-clearfix sohohotel-title-left\">Umgebung<\/h3><span class=\"hps\"><span lang=\"DE\">Von<\/span><\/span><span lang=\"DE\">\u00a0<span class=\"hps\">Malcesine<\/span>\u00a0<span class=\"hps\">aus erreichen Sie bequem<\/span>\u00a0<span class=\"hps\">die ber\u00fchmtesten<\/span>\u00a0<span class=\"hps\">Attraktionen, die<\/span>\u00a0<span class=\"hps\">der Gardasee<\/span>\u00a0<span class=\"hps\">bietet<\/span>:<\/span><\/p>\n<ul>\n<li>Die ber\u00fchmte Stadt <a href=\"https:\/\/www.visitverona.it\/it\" target=\"_blank\" rel=\"noopener\">Verona<\/a>mit der Arena, Piazza Erbe, Haus von Romeo und Julia.<\/li>\n<li>Die verschiedenen Bergseen in der N\u00e4he: Lago di Ledro, Idrosee, Tenno-See, Park H\u00f6hle Wasserfall von Varone<\/li>\n<li>Rovereto Mart Museum f\u00fcr Moderne und Zeitgen\u00f6ssische Kunst<\/li>\n<li><a href=\"http:\/\/www.madonnadellacorona.it\" target=\"_blank\" rel=\"noopener\">Wallfahrtskirche Madonna della Corona<\/a><\/li>\n<li><a href=\"http:\/\/www.gardaland.it\" target=\"_blank\" rel=\"noopener\">Gardaland &amp; SeaLife<\/a><\/li>\n<li><a href=\"http:\/\/www.canevaworld.it\" target=\"_blank\" rel=\"noopener\">CanevaWorld &amp; Moviland<\/a><\/li>\n<li><a href=\"http:\/\/www.parcoacquaticocavour.it\" target=\"_blank\" rel=\"noopener\">Cavour Parco Acquatico<\/a><\/li>\n<li><a href=\"http:\/\/www.parconaturaviva.it\" target=\"_blank\" rel=\"noopener\">Parco Natura Viva<\/a><\/li>\n<\/ul>\n<p><\/div><div class=\"sohohotel-fixed-height-image-wrapper sohohotel-fixed-height-image-wrapper-right\"><div class=\"sohohotel-fixed-height-image\" style=\"background-image: url(https:\/\/casachincarini.com\/wp-content\/uploads\/2024\/05\/gardaland.jpg); background-size: 600px 400px; height: 400px;\"><\/div><\/div><\/div>[\/vc_column][\/vc_row]<\/p>\n<\/div>","protected":false},"excerpt":{"rendered":"<p>[vc_row fixed_width=&#8220;true&#8220; css=&#8220;.vc_custom_1627562291998{margin-top: 0px !important;margin-bottom: 0px !important;border-top-width: 0px !important;border-bottom-width: 0px !important;padding-top: 10px !important;padding-bottom: 0px !important;}&#8220;][vc_column css=&#8220;.vc_custom_1627562322556{margin-top: 0px !important;margin-bottom: 0px !important;border-top-width: 0px !important;border-bottom-width: 0px !important;padding-top: 0px !important;padding-bottom: 0px !important;}&#8220;][\/vc_column][\/vc_row]<\/p>\n<a href=\"https:\/\/casachincarini.com\/de\/sport-fun\/\" class=\"sohohotel-more-link\">Weiterlesen<\/a>","protected":false},"author":1,"featured_media":0,"parent":0,"menu_order":0,"comment_status":"closed","ping_status":"closed","template":"","meta":{"footnotes":""},"class_list":["post-757","page","type-page","status-publish","hentry"],"yoast_head":"<!-- This site is optimized with the Yoast SEO plugin v26.8 - https:\/\/yoast.com\/product\/yoast-seo-wordpress\/ -->\n<title>Sport &amp; Fun - hotel Casa Chincarini<\/title>\n<meta name=\"robots\" content=\"index, follow, max-snippet:-1, max-image-preview:large, max-video-preview:-1\" \/>\n<link rel=\"canonical\" href=\"https:\/\/casachincarini.com\/de\/sport-fun\/\" \/>\n<meta property=\"og:locale\" content=\"de_DE\" \/>\n<meta property=\"og:type\" content=\"article\" \/>\n<meta property=\"og:title\" content=\"Sport &amp; Fun - hotel Casa Chincarini\" \/>\n<meta property=\"og:description\" content=\"[vc_row fixed_width=&#8220;true&#8220; css=&#8220;.vc_custom_1627562291998{margin-top: 0px !important;margin-bottom: 0px !important;border-top-width: 0px !important;border-bottom-width: 0px !important;padding-top: 10px !important;padding-bottom: 0px !important;}&#8220;][vc_column css=&#8220;.vc_custom_1627562322556{margin-top: 0px !important;margin-bottom: 0px !important;border-top-width: 0px !important;border-bottom-width: 0px !important;padding-top: 0px !important;padding-bottom: 0px !important;}&#8220;][\/vc_column][\/vc_row]\" \/>\n<meta property=\"og:url\" content=\"https:\/\/casachincarini.com\/de\/sport-fun\/\" \/>\n<meta property=\"og:site_name\" content=\"hotel Casa Chincarini\" \/>\n<meta property=\"article:modified_time\" content=\"2024-05-31T08:11:57+00:00\" \/>\n<meta name=\"twitter:card\" content=\"summary_large_image\" \/>\n<meta name=\"twitter:label1\" content=\"Gesch\u00e4tzte Lesezeit\" \/>\n\t<meta name=\"twitter:data1\" content=\"3\u00a0Minuten\" \/>\n<script type=\"application\/ld+json\" class=\"yoast-schema-graph\">{\"@context\":\"https:\/\/schema.org\",\"@graph\":[{\"@type\":\"WebPage\",\"@id\":\"https:\/\/casachincarini.com\/de\/sport-fun\/\",\"url\":\"https:\/\/casachincarini.com\/de\/sport-fun\/\",\"name\":\"Sport & Fun - hotel Casa Chincarini\",\"isPartOf\":{\"@id\":\"https:\/\/casachincarini.com\/#website\"},\"datePublished\":\"2024-05-15T09:20:17+00:00\",\"dateModified\":\"2024-05-31T08:11:57+00:00\",\"breadcrumb\":{\"@id\":\"https:\/\/casachincarini.com\/de\/sport-fun\/#breadcrumb\"},\"inLanguage\":\"de\",\"potentialAction\":[{\"@type\":\"ReadAction\",\"target\":[\"https:\/\/casachincarini.com\/de\/sport-fun\/\"]}]},{\"@type\":\"BreadcrumbList\",\"@id\":\"https:\/\/casachincarini.com\/de\/sport-fun\/#breadcrumb\",\"itemListElement\":[{\"@type\":\"ListItem\",\"position\":1,\"name\":\"Home\",\"item\":\"https:\/\/casachincarini.com\/de\/\"},{\"@type\":\"ListItem\",\"position\":2,\"name\":\"Sport &#038; Fun\"}]},{\"@type\":\"WebSite\",\"@id\":\"https:\/\/casachincarini.com\/#website\",\"url\":\"https:\/\/casachincarini.com\/\",\"name\":\"hotel Casa Chincarini\",\"description\":\"un garn\u00ec a conduzione familiare, un&#039;oasi di tranquillit\u00e0 e di relax.\",\"potentialAction\":[{\"@type\":\"SearchAction\",\"target\":{\"@type\":\"EntryPoint\",\"urlTemplate\":\"https:\/\/casachincarini.com\/?s={search_term_string}\"},\"query-input\":{\"@type\":\"PropertyValueSpecification\",\"valueRequired\":true,\"valueName\":\"search_term_string\"}}],\"inLanguage\":\"de\"}]}<\/script>\n<!-- \/ Yoast SEO plugin. -->","yoast_head_json":{"title":"Sport & Fun - hotel Casa Chincarini","robots":{"index":"index","follow":"follow","max-snippet":"max-snippet:-1","max-image-preview":"max-image-preview:large","max-video-preview":"max-video-preview:-1"},"canonical":"https:\/\/casachincarini.com\/de\/sport-fun\/","og_locale":"de_DE","og_type":"article","og_title":"Sport & Fun - hotel Casa Chincarini","og_description":"[vc_row fixed_width=&#8220;true&#8220; css=&#8220;.vc_custom_1627562291998{margin-top: 0px !important;margin-bottom: 0px !important;border-top-width: 0px !important;border-bottom-width: 0px !important;padding-top: 10px !important;padding-bottom: 0px !important;}&#8220;][vc_column css=&#8220;.vc_custom_1627562322556{margin-top: 0px !important;margin-bottom: 0px !important;border-top-width: 0px !important;border-bottom-width: 0px !important;padding-top: 0px !important;padding-bottom: 0px !important;}&#8220;][\/vc_column][\/vc_row]","og_url":"https:\/\/casachincarini.com\/de\/sport-fun\/","og_site_name":"hotel Casa Chincarini","article_modified_time":"2024-05-31T08:11:57+00:00","twitter_card":"summary_large_image","twitter_misc":{"Gesch\u00e4tzte Lesezeit":"3\u00a0Minuten"},"schema":{"@context":"https:\/\/schema.org","@graph":[{"@type":"WebPage","@id":"https:\/\/casachincarini.com\/de\/sport-fun\/","url":"https:\/\/casachincarini.com\/de\/sport-fun\/","name":"Sport & Fun - hotel Casa Chincarini","isPartOf":{"@id":"https:\/\/casachincarini.com\/#website"},"datePublished":"2024-05-15T09:20:17+00:00","dateModified":"2024-05-31T08:11:57+00:00","breadcrumb":{"@id":"https:\/\/casachincarini.com\/de\/sport-fun\/#breadcrumb"},"inLanguage":"de","potentialAction":[{"@type":"ReadAction","target":["https:\/\/casachincarini.com\/de\/sport-fun\/"]}]},{"@type":"BreadcrumbList","@id":"https:\/\/casachincarini.com\/de\/sport-fun\/#breadcrumb","itemListElement":[{"@type":"ListItem","position":1,"name":"Home","item":"https:\/\/casachincarini.com\/de\/"},{"@type":"ListItem","position":2,"name":"Sport &#038; Fun"}]},{"@type":"WebSite","@id":"https:\/\/casachincarini.com\/#website","url":"https:\/\/casachincarini.com\/","name":"hotel Casa Chincarini","description":"un garn\u00ec a conduzione familiare, un&#039;oasi di tranquillit\u00e0 e di relax.","potentialAction":[{"@type":"SearchAction","target":{"@type":"EntryPoint","urlTemplate":"https:\/\/casachincarini.com\/?s={search_term_string}"},"query-input":{"@type":"PropertyValueSpecification","valueRequired":true,"valueName":"search_term_string"}}],"inLanguage":"de"}]}},"_links":{"self":[{"href":"https:\/\/casachincarini.com\/de\/wp-json\/wp\/v2\/pages\/757","targetHints":{"allow":["GET"]}}],"collection":[{"href":"https:\/\/casachincarini.com\/de\/wp-json\/wp\/v2\/pages"}],"about":[{"href":"https:\/\/casachincarini.com\/de\/wp-json\/wp\/v2\/types\/page"}],"author":[{"embeddable":true,"href":"https:\/\/casachincarini.com\/de\/wp-json\/wp\/v2\/users\/1"}],"replies":[{"embeddable":true,"href":"https:\/\/casachincarini.com\/de\/wp-json\/wp\/v2\/comments?post=757"}],"version-history":[{"count":2,"href":"https:\/\/casachincarini.com\/de\/wp-json\/wp\/v2\/pages\/757\/revisions"}],"predecessor-version":[{"id":838,"href":"https:\/\/casachincarini.com\/de\/wp-json\/wp\/v2\/pages\/757\/revisions\/838"}],"wp:attachment":[{"href":"https:\/\/casachincarini.com\/de\/wp-json\/wp\/v2\/media?parent=757"}],"curies":[{"name":"wp","href":"https:\/\/api.w.org\/{rel}","templated":true}]}}